 {"id":117,"date":"2021-12-15T11:49:30","date_gmt":"2021-12-15T10:49:30","guid":{"rendered":"http:\/\/lebureauscenique.com\/?page_id=117"},"modified":"2026-03-09T16:05:31","modified_gmt":"2026-03-09T15:05:31","slug":"a-propos","status":"publish","type":"page","link":"https:\/\/lebureauscenique.com\/index.php\/a-propos\/","title":{"rendered":"Ils me font confiance"},"content":{"rendered":"\n<p><\/p>\n\n\n\n<p><\/p>\n\n\n\n<p><\/p>\n\n\n\n<p><\/p>\n\n\n\n<p><\/p>\n\n\n\n<p>Je travaille depuis <strong>plus de quinze ans<\/strong> dans le secteur artistique. C&rsquo;est aux c\u00f4t\u00e9s de nombreuses structures du spectacle vivant que j&rsquo;ai choisi de collaborer, de Saint-Tropez \u00e0 Paris.<\/p>\n\n\n\n<p>Pers\u00e9v\u00e9rante&nbsp;et&nbsp;impliqu\u00e9e, ma priorit\u00e9 est de r\u00e9pondre au mieux aux attentes des dirigeant.es dans le cadre d\u2019une <strong>relation fond\u00e9e sur le respect, la&nbsp;confiance&nbsp;et la confidentialit\u00e9.<\/strong><\/p>\n\n\n\n<p>A l\u2019\u00e9coute et attentive aux d\u00e9tails, ma mission est de trouver une solution adapt\u00e9e aux besoins de chaque organisation pour assurer un&nbsp;<strong>travail de<\/strong>&nbsp;<strong>qualit\u00e9<\/strong>.<\/p>\n\n\n\n<p>Actuellement, je pilote un volume budg\u00e9taire annuel global de 2 millions d\u2019euros.<\/p>\n\n\n\n<h2 class=\"wp-block-heading\">Je travaille actuellement pour<\/h2>\n\n\n\n<ul class=\"wp-block-list\">\n<li>La Cie Le Th\u00e9\u00e2tre des Trois Parques (18) dirig\u00e9e par Julie Delille, directrice du Th\u00e9\u00e2tre du Peuple \u00e0 Bussang <\/li>\n\n\n\n<li><a href=\"https:\/\/www.bloghoptoys.fr\/la-biennale-art-et-handicap-mental-a-saint-tropez\">La Biennale art &amp; handicap<\/a> \u00e0 Saint-Tropez (83) port\u00e9e par l&rsquo;association L\u2019\u0153uvre Saint-Jeannais, reconnue d\u2019utilit\u00e9 publique<\/li>\n\n\n\n<li>Le dispositif <a href=\"https:\/\/demos.philharmoniedeparis.fr\/\" target=\"_blank\" rel=\"noreferrer noopener\">D\u00e9mos de la Philharmonie de Paris<\/a> depuis 2017, en milieu rural et QPV<\/li>\n\n\n\n<li>Le festival de musique classique <a href=\"https:\/\/lesnuitsduchateaudelamoutte.com\/\" target=\"_blank\" rel=\"noreferrer noopener\">Les Nuits du Ch\u00e2teau de la Moutte<\/a> (83) depuis 2018<\/li>\n\n\n\n<li>La compagnie de th\u00e9\u00e2tre <a href=\"https:\/\/www.cie-rosa-m.fr\/\" target=\"_blank\" rel=\"noreferrer noopener\">Rosa M<\/a> (28) <\/li>\n\n\n\n<li>La compagnie de th\u00e9\u00e2tre jeune public <a href=\"http:\/\/www.mieldelune.com\/\" target=\"_blank\" rel=\"noreferrer noopener\">Miel de Lune<\/a> (92)<\/li>\n\n\n\n<li>Le <a href=\"https:\/\/poledutison.com\/\">P\u00f4le art &amp; handicap du Tison<\/a> (86)<\/li>\n<\/ul>\n\n\n\n<h2 class=\"wp-block-heading\">J&rsquo;ai d\u00e9j\u00e0 collabor\u00e9 avec<\/h2>\n\n\n\n<ul class=\"wp-block-list\">\n<li>Le festival d&rsquo;arts de rue <a href=\"https:\/\/www3.poitiers-jeunes.com\/\" target=\"_blank\" rel=\"noreferrer noopener\">Les Expressifs et le Carnaval de Poitiers<\/a><br><\/li>\n\n\n\n<li>La compagnie de th\u00e9\u00e2tre <a href=\"https:\/\/www.tiretlalyre.com\/\" target=\"_blank\" rel=\"noreferrer noopener\">Le TIR et La Lyre<\/a><\/li>\n\n\n\n<li>La compagnie de th\u00e9\u00e2tre jeune public La Rousse<\/li>\n\n\n\n<li>La compagnie de th\u00e9\u00e2tre <a rel=\"noreferrer noopener\" href=\"https:\/\/www.lacamaraoscura.fr\/\" target=\"_blank\">La Camara Oscura<\/a><\/li>\n\n\n\n<li>La compagnie de th\u00e9\u00e2tre Le Troupeau dans le Cr\u00e2ne<\/li>\n<\/ul>\n\n\n\n<ul class=\"wp-block-list\">\n<li>La compagnie de danse Cicle<\/li>\n\n\n\n<li>La compagnie de danse Les Clandestins \/ Odile Azagury<\/li>\n\n\n\n<li>La compagnie de danse Les Pi\u00e9tons<\/li>\n\n\n\n<li>La compagnie de danse Sisyphe Heureux <\/li>\n<\/ul>\n\n\n\n<ul class=\"wp-block-list\">\n<li>Le festival de cin\u00e9ma Les Rencontres Internationales du Cin\u00e9ma de Vincennes &#8211; <a rel=\"noreferrer noopener\" href=\"https:\/\/prixhenrilanglois.wordpress.com\/\" target=\"_blank\">Prix Henri Langlois<\/a> et Prix Romy Schneider &amp; Patrick Dewaere<\/li>\n\n\n\n<li>Le festival de danse <a rel=\"noreferrer noopener\" href=\"https:\/\/entrezdansladanse.fr\/\" target=\"_blank\">Entrez dans la danse &#8211; F\u00eate de la Danse<\/a> <\/li>\n<\/ul>\n\n\n\n<ul class=\"wp-block-list\">\n<li>L&rsquo;exposition Les assos s&rsquo;exposent de la Mairie de Saint-Denis<\/li>\n\n\n\n<li>L&rsquo;exposition Mini Maousse 4 &#8211; Cit\u00e9 de l&rsquo;Architecture et du Patrimoine<\/li>\n<\/ul>\n\n\n\n<div class=\"wp-block-buttons is-horizontal is-content-justification-center is-layout-flex wp-container-core-buttons-is-layout-1 wp-block-buttons-is-layout-flex\">\n<div class=\"wp-block-button\"><a class=\"wp-block-button__link wp-element-button\" href=\"http:\/\/lebureauscenique.com\/index.php\/contact\/\" target=\"_blank\" rel=\"noreferrer noopener\">Me contacter<\/a><\/div>\n<\/div>\n","protected":false},"excerpt":{"rendered":"<p>Je travaille depuis plus de quinze ans dans le secteur artistique. C&rsquo;est aux c\u00f4t\u00e9s de nombreuses structures du spectacle vivant que j&rsquo;ai choisi de collaborer, de Saint-Tropez \u00e0 Paris. Pers\u00e9v\u00e9rante&nbsp;et&nbsp;impliqu\u00e9e, ma priorit\u00e9 est de r\u00e9pondre au mieux aux attentes des dirigeant.es dans le cadre d\u2019une relation fond\u00e9e sur le respect, la&nbsp;confiance&nbsp;et la confidentialit\u00e9. A l\u2019\u00e9coute [&hellip;]<\/p>\n","protected":false},"author":1,"featured_media":0,"parent":0,"menu_order":0,"comment_status":"closed","ping_status":"closed","template":"","meta":{"footnotes":""},"class_list":["post-117","page","type-page","status-publish","hentry"],"_links":{"self":[{"href":"https:\/\/lebureauscenique.com\/index.php\/wp-json\/wp\/v2\/pages\/117","targetHints":{"allow":["GET"]}}],"collection":[{"href":"https:\/\/lebureauscenique.com\/index.php\/wp-json\/wp\/v2\/pages"}],"about":[{"href":"https:\/\/lebureauscenique.com\/index.php\/wp-json\/wp\/v2\/types\/page"}],"author":[{"embeddable":true,"href":"https:\/\/lebureauscenique.com\/index.php\/wp-json\/wp\/v2\/users\/1"}],"replies":[{"embeddable":true,"href":"https:\/\/lebureauscenique.com\/index.php\/wp-json\/wp\/v2\/comments?post=117"}],"version-history":[{"count":43,"href":"https:\/\/lebureauscenique.com\/index.php\/wp-json\/wp\/v2\/pages\/117\/revisions"}],"predecessor-version":[{"id":622,"href":"https:\/\/lebureauscenique.com\/index.php\/wp-json\/wp\/v2\/pages\/117\/revisions\/622"}],"wp:attachment":[{"href":"https:\/\/lebureauscenique.com\/index.php\/wp-json\/wp\/v2\/media?parent=117"}],"curies":[{"name":"wp","href":"https:\/\/api.w.org\/{rel}","templated":true}]}}