 {"id":37,"date":"2021-12-15T07:25:27","date_gmt":"2021-12-15T06:25:27","guid":{"rendered":"http:\/\/lebureauscenique.com\/?page_id=37"},"modified":"2024-09-15T16:12:29","modified_gmt":"2024-09-15T14:12:29","slug":"prestations-administratives","status":"publish","type":"page","link":"https:\/\/lebureauscenique.com\/index.php\/prestations-administratives\/","title":{"rendered":"Prestations administratives"},"content":{"rendered":"\n<p><\/p>\n\n\n\n<p><\/p>\n\n\n\n<p><\/p>\n\n\n\n<p><\/p>\n\n\n\n<p><\/p>\n\n\n\n<p class=\"has-text-align-left\">&#8211; <font color=\"#000000\"><strong>Externalisez pour vous lib\u00e9rer<\/strong><\/font> &#8211;<\/p>\n\n\n\n<p class=\"has-text-align-left has-black-color has-text-color\"><font color=\"#000000\">Externaliser une prestation r\u00e9currente, c\u2019est b\u00e9n\u00e9ficier du regard \u00e9clair\u00e9 de sp\u00e9cialistes, mais c\u2019est aussi lib\u00e9rer du temps pour replacer votre activit\u00e9 au centre de toute votre attention. <br>J&rsquo;assure la structuration administrative de votre \u00e9tablissement, le suivi budg\u00e9taire, la paie et les dossiers de subvention.<\/font><\/p>\n\n\n<div class=\"wp-block-image\">\n<figure class=\"aligncenter size-full is-resized\"><a href=\"https:\/\/www.flaticon.com\/fr\/auteurs\/noomtah\"><img loading=\"lazy\" decoding=\"async\" src=\"https:\/\/lebureauscenique.com\/wp-content\/uploads\/2023\/12\/formalites-administratives.png\" alt=\"\" class=\"wp-image-558\" width=\"128\" height=\"128\" srcset=\"https:\/\/lebureauscenique.com\/wp-content\/uploads\/2023\/12\/formalites-administratives.png 512w, https:\/\/lebureauscenique.com\/wp-content\/uploads\/2023\/12\/formalites-administratives-300x300.png 300w, https:\/\/lebureauscenique.com\/wp-content\/uploads\/2023\/12\/formalites-administratives-150x150.png 150w\" sizes=\"auto, (max-width: 128px) 100vw, 128px\" \/><\/a><\/figure><\/div>\n\n\n<p><mark style=\"background-color:rgba(0, 0, 0, 0);color:#000000\" class=\"has-inline-color\"><strong>ADMINISTRATION SOCIALE<\/strong><\/mark><\/p>\n\n\n\n<ul class=\"wp-block-list\">\n<li>Bulletins de salaire des permanent.es et intermittent.es, ma\u00eetrise du logiciel Sila\u00e9<\/li>\n\n\n\n<li>D\u00e9clarations uniques d\u2019embauche (DUE)<\/li>\n\n\n\n<li>Attestations AEM et feuillets cong\u00e9s spectacles<\/li>\n\n\n\n<li>D\u00e9clarations sociales \u00e0 tous les organismes de la branche d\u2019activit\u00e9<\/li>\n\n\n\n<li>Suivi des \u00e9changes avec les organismes sociaux<\/li>\n\n\n\n<li>T\u00e9l\u00e9d\u00e9clarations et t\u00e9l\u00e9r\u00e8glements<\/li>\n\n\n\n<li>Edition des contrats de travail, conventions de stage, service civique et b\u00e9n\u00e9volat<\/li>\n\n\n\n<li>R\u00e9daction et gestion des contrats de droits d\u2019auteurs, de cession, de coproduction et r\u00e9sidence<\/li>\n\n\n\n<li>Pr\u00e9l\u00e8vements \u00e0 la source<\/li>\n\n\n\n<li>Conventions ECLAT et CCNEAC<\/li>\n\n\n\n<li>CSE, Entretiens annuels, professionnels, de ma\u00eetrise professionnelle et bilan des 6 ans<\/li>\n<\/ul>\n\n\n\n<p><mark style=\"background-color:rgba(0, 0, 0, 0);color:#000000\" class=\"has-inline-color\"><strong>ADMINISTRATION COMPTABLE<\/strong><\/mark><\/p>\n\n\n\n<ul class=\"wp-block-list\">\n<li>R\u00e9alisation, envoi et suivi des devis, factures et d\u00e9c\/enc-aissements<\/li>\n\n\n\n<li>Saisie des pi\u00e8ces sur le logiciel QUADRA<\/li>\n\n\n\n<li>Maitrise du logiciel en ligne Innovance<\/li>\n\n\n\n<li>Relation avec l\u2019expert-comptable et suivi de la comptabilit\u00e9 externalis\u00e9e<\/li>\n\n\n\n<li>Relation avec le commissaire aux comptes<\/li>\n\n\n\n<li>Cr\u00e9ation et suivi de la comptabilit\u00e9 analytique<\/li>\n\n\n\n<li>Gestion des budgets et de la tr\u00e9sorerie<\/li>\n\n\n\n<li>Gestion et suivi des \u00e9tats de fin d&rsquo;ann\u00e9e (CR et bilan)<\/li>\n<\/ul>\n\n\n<div class=\"wp-block-image\">\n<figure class=\"aligncenter size-full is-resized\"><a href=\"https:\/\/www.flaticon.com\/fr\/auteurs\/vectorportal\"><img loading=\"lazy\" decoding=\"async\" src=\"https:\/\/lebureauscenique.com\/wp-content\/uploads\/2023\/12\/tour.png\" alt=\"\" class=\"wp-image-560\" width=\"128\" height=\"128\" srcset=\"https:\/\/lebureauscenique.com\/wp-content\/uploads\/2023\/12\/tour.png 512w, https:\/\/lebureauscenique.com\/wp-content\/uploads\/2023\/12\/tour-300x300.png 300w, https:\/\/lebureauscenique.com\/wp-content\/uploads\/2023\/12\/tour-150x150.png 150w\" sizes=\"auto, (max-width: 128px) 100vw, 128px\" \/><\/a><\/figure><\/div>\n\n\n<p><strong><mark style=\"background-color:rgba(0, 0, 0, 0);color:#000000\" class=\"has-inline-color\">PRODUCTION<\/mark> \/ DIFFUSION<\/strong><\/p>\n\n\n\n<ul class=\"wp-block-list\">\n<li>R\u00e9daction des feuilles de route<\/li>\n\n\n\n<li>Coordination et gestion des r\u00e9sidences, tourn\u00e9es, actions artistiques et \u00e9v\u00e9nements <\/li>\n\n\n\n<li>Relation et contractualisation avec les lieux diffuseurs et coproducteurs<\/li>\n<\/ul>\n\n\n\n<p><mark style=\"background-color:rgba(0, 0, 0, 0);color:#000000\" class=\"has-inline-color\"><strong>FINANCEMENTS<\/strong><\/mark><\/p>\n\n\n\n<ul class=\"wp-block-list\">\n<li>Veille et candidature aux appels \u00e0 projets et financements (publics et priv\u00e9s)<\/li>\n\n\n\n<li>R\u00e9daction et suivi des dossiers de demande de subventions pour les tutelles publiques Programme Europ\u00e9en, Etat, DGCA, DRAC, R\u00e9gion, Ville et D\u00e9partement<\/li>\n\n\n\n<li>R\u00e9alisation et suivi des budgets pr\u00e9visionnels et r\u00e9alis\u00e9s<\/li>\n\n\n\n<li>Envoi des bilans aux partenaires financiers<\/li>\n<\/ul>\n\n\n<div class=\"wp-block-image\">\n<figure class=\"aligncenter size-full is-resized\"><a href=\"https:\/\/www.freepik.com\/?_gl=1*tgxk5t*test_ga*MTA1OTYyMDY3Mi4xNzAyMDQ5NTg2*test_ga_523JXC6VL7*MTcwMjA0OTU4Ni4xLjEuMTcwMjA1MDQ4OS42MC4wLjA.*fp_ga*MTA1OTYyMDY3Mi4xNzAyMDQ5NTg2*fp_ga_1ZY8468CQB*MTcwMjA0OTU4Ni4xLjEuMTcwMjA1MDQ4OS42MC4wLjA.\"><img loading=\"lazy\" decoding=\"async\" src=\"https:\/\/lebureauscenique.com\/wp-content\/uploads\/2023\/12\/association.png\" alt=\"\" class=\"wp-image-562\" width=\"128\" height=\"128\" srcset=\"https:\/\/lebureauscenique.com\/wp-content\/uploads\/2023\/12\/association.png 512w, https:\/\/lebureauscenique.com\/wp-content\/uploads\/2023\/12\/association-300x300.png 300w, https:\/\/lebureauscenique.com\/wp-content\/uploads\/2023\/12\/association-150x150.png 150w\" sizes=\"auto, (max-width: 128px) 100vw, 128px\" \/><\/a><\/figure><\/div>\n\n\n<p><strong>EAC<\/strong><\/p>\n\n\n\n<ul class=\"wp-block-list\">\n<li>Veille, pilotage et mise en \u0153uvre des diff\u00e9rents dispositifs CL\u00c9A, PEAC, PIL, Pass Culture, EAC DRAC pour les 1er et 2nd degr\u00e9s<\/li>\n<\/ul>\n\n\n\n<p><strong><mark style=\"background-color:rgba(0, 0, 0, 0);color:#000000\" class=\"has-inline-color\">VIE ASSOCIATIVE<\/mark>&nbsp;<\/strong><\/p>\n\n\n\n<ul class=\"wp-block-list\">\n<li>Cr\u00e9ation du statut juridique associatif<\/li>\n\n\n\n<li>Pr\u00e9paration des Assembl\u00e9es G\u00e9n\u00e9rales et Conseils d\u2019Administration et r\u00e9daction des Proc\u00e8s Verbaux <\/li>\n\n\n\n<li>R\u00e9daction du rapport d\u2019activit\u00e9<\/li>\n\n\n\n<li>Suivi des d\u00e9clarations en pr\u00e9fecture<\/li>\n\n\n\n<li>Renouvellement licences et assurance<\/li>\n<\/ul>\n\n\n\n<div class=\"wp-block-buttons is-horizontal is-content-justification-center is-layout-flex wp-container-core-buttons-is-layout-1 wp-block-buttons-is-layout-flex\">\n<div class=\"wp-block-button\"><a class=\"wp-block-button__link wp-element-button\" href=\"http:\/\/lebureauscenique.com\/index.php\/contact\/\" target=\"_blank\" rel=\"noreferrer noopener\">Me contacter<\/a><\/div>\n<\/div>\n","protected":false},"excerpt":{"rendered":"<p>&#8211; Externalisez pour vous lib\u00e9rer &#8211; Externaliser une prestation r\u00e9currente, c\u2019est b\u00e9n\u00e9ficier du regard \u00e9clair\u00e9 de sp\u00e9cialistes, mais c\u2019est aussi lib\u00e9rer du temps pour replacer votre activit\u00e9 au centre de toute votre attention. J&rsquo;assure la structuration administrative de votre \u00e9tablissement, le suivi budg\u00e9taire, la paie et les dossiers de subvention. ADMINISTRATION SOCIALE ADMINISTRATION COMPTABLE PRODUCTION [&hellip;]<\/p>\n","protected":false},"author":1,"featured_media":0,"parent":0,"menu_order":0,"comment_status":"closed","ping_status":"closed","template":"","meta":{"footnotes":""},"class_list":["post-37","page","type-page","status-publish","hentry"],"_links":{"self":[{"href":"https:\/\/lebureauscenique.com\/index.php\/wp-json\/wp\/v2\/pages\/37","targetHints":{"allow":["GET"]}}],"collection":[{"href":"https:\/\/lebureauscenique.com\/index.php\/wp-json\/wp\/v2\/pages"}],"about":[{"href":"https:\/\/lebureauscenique.com\/index.php\/wp-json\/wp\/v2\/types\/page"}],"author":[{"embeddable":true,"href":"https:\/\/lebureauscenique.com\/index.php\/wp-json\/wp\/v2\/users\/1"}],"replies":[{"embeddable":true,"href":"https:\/\/lebureauscenique.com\/index.php\/wp-json\/wp\/v2\/comments?post=37"}],"version-history":[{"count":47,"href":"https:\/\/lebureauscenique.com\/index.php\/wp-json\/wp\/v2\/pages\/37\/revisions"}],"predecessor-version":[{"id":578,"href":"https:\/\/lebureauscenique.com\/index.php\/wp-json\/wp\/v2\/pages\/37\/revisions\/578"}],"wp:attachment":[{"href":"https:\/\/lebureauscenique.com\/index.php\/wp-json\/wp\/v2\/media?parent=37"}],"curies":[{"name":"wp","href":"https:\/\/api.w.org\/{rel}","templated":true}]}}