 {"id":519,"date":"2023-12-08T11:08:27","date_gmt":"2023-12-08T10:08:27","guid":{"rendered":"https:\/\/lebureauscenique.com\/?page_id=519"},"modified":"2025-04-17T20:40:49","modified_gmt":"2025-04-17T18:40:49","slug":"prestations-evenementielles","status":"publish","type":"page","link":"https:\/\/lebureauscenique.com\/index.php\/prestations-evenementielles\/","title":{"rendered":"Prestations \u00e9v\u00e9nementielles"},"content":{"rendered":"\n<p><\/p>\n\n\n\n<p><\/p>\n\n\n\n<p><\/p>\n\n\n\n<p><\/p>\n\n\n\n<p><\/p>\n\n\n\n<p><\/p>\n\n\n\n<p>&#8211; <font color=\"#000000\"><strong>D\u00e9l\u00e9guez pour vous \u00e9panouir <\/strong><\/font>&#8211;<\/p>\n\n\n\n<p>Confier vos \u00e9v\u00e9nements \u00e0 une personne qualifi\u00e9e et engag\u00e9e, c&rsquo;est pouvoir vous concentrer sur votre mission principale<font color=\"#000000\">. <br>Je participe \u00e0 la gestion de vos \u00e9v\u00e9nements en amont, pendant et apr\u00e8s.<\/font><\/p>\n\n\n<div class=\"wp-block-image\">\n<figure class=\"aligncenter size-full is-resized\"><a href=\"https:\/\/www.flaticon.com\/fr\/auteurs\/iconixar\"><img loading=\"lazy\" decoding=\"async\" width=\"512\" height=\"512\" src=\"https:\/\/lebureauscenique.com\/wp-content\/uploads\/2023\/12\/un-evenement.png\" alt=\"\" class=\"wp-image-551\" style=\"width:128px;height:128px\" srcset=\"https:\/\/lebureauscenique.com\/wp-content\/uploads\/2023\/12\/un-evenement.png 512w, https:\/\/lebureauscenique.com\/wp-content\/uploads\/2023\/12\/un-evenement-300x300.png 300w, https:\/\/lebureauscenique.com\/wp-content\/uploads\/2023\/12\/un-evenement-150x150.png 150w\" sizes=\"auto, (max-width: 512px) 100vw, 512px\" \/><\/a><\/figure><\/div>\n\n\n<p><mark style=\"background-color:rgba(0, 0, 0, 0);color:#000000\" class=\"has-inline-color\"><strong>COMMUNICATION<\/strong><\/mark><\/p>\n\n\n\n<ul class=\"wp-block-list\">\n<li>Animation du site internet<\/li>\n\n\n\n<li>Cr\u00e9ation et diffusion de contenus sur les r\u00e9seaux sociaux<\/li>\n\n\n\n<li>Relance t\u00e9l\u00e9phonique et mailing<\/li>\n<\/ul>\n\n\n\n<p><mark style=\"background-color:rgba(0, 0, 0, 0);color:#000000\" class=\"has-inline-color\"><strong>ACCUEIL DU PUBLIC<\/strong><\/mark><\/p>\n\n\n\n<ul class=\"wp-block-list\">\n<li>Gestion du public<\/li>\n\n\n\n<li>Gestion et placement du listing invit\u00e9s<\/li>\n\n\n\n<li>Orientation des spectateurs et conseil sur les spectacles ou activit\u00e9s \u00e0 d\u00e9couvrir<\/li>\n\n\n\n<li>Accompagnement des personnes en situation de handicap<\/li>\n\n\n\n<li>Mise en place d&rsquo;espace SAFER et d\u00e9ploiement de mesures contre les VHSS<\/li>\n<\/ul>\n\n\n<div class=\"wp-block-image\">\n<figure class=\"aligncenter size-full is-resized\"><a href=\"https:\/\/www.flaticon.com\/fr\/chercher?word=billetterie&amp;color=black\"><img loading=\"lazy\" decoding=\"async\" width=\"512\" height=\"512\" src=\"https:\/\/lebureauscenique.com\/wp-content\/uploads\/2023\/12\/billet.png\" alt=\"\" class=\"wp-image-553\" style=\"width:128px;height:128px\" srcset=\"https:\/\/lebureauscenique.com\/wp-content\/uploads\/2023\/12\/billet.png 512w, https:\/\/lebureauscenique.com\/wp-content\/uploads\/2023\/12\/billet-300x300.png 300w, https:\/\/lebureauscenique.com\/wp-content\/uploads\/2023\/12\/billet-150x150.png 150w\" sizes=\"auto, (max-width: 512px) 100vw, 512px\" \/><\/a><\/figure><\/div>\n\n\n<p><mark style=\"background-color:rgba(0, 0, 0, 0);color:#000000\" class=\"has-inline-color\"><strong>BILLETTERIE<\/strong><\/mark><\/p>\n\n\n\n<ul class=\"wp-block-list\">\n<li>Mise en place et gestion du logiciel de billetterie<\/li>\n\n\n\n<li>Mise en place d&rsquo;une banque sur place avec gestion des caisses esp\u00e8ces et TPE<\/li>\n\n\n\n<li>Mise en place et gestion du logiciel de TPE<\/li>\n\n\n\n<li>Facturation, d\u00e9claration et relais bancaire et comptable apr\u00e8s l&rsquo;\u00e9v\u00e9nement<\/li>\n<\/ul>\n\n\n\n<p><mark style=\"background-color:rgba(0, 0, 0, 0);color:#000000\" class=\"has-inline-color\"><strong>POINTS DE VENTE<\/strong><\/mark><\/p>\n\n\n\n<ul class=\"wp-block-list\">\n<li>Commande aupr\u00e8s des prestataires<\/li>\n\n\n\n<li>Animation de l&rsquo;espace Bar ou Petite restauration<\/li>\n\n\n\n<li>Relation et gestion de foodtrucks <\/li>\n\n\n\n<li>Gestion des caisses esp\u00e8ces et TPE <\/li>\n<\/ul>\n\n\n<div class=\"wp-block-image\">\n<figure class=\"aligncenter size-full is-resized\"><a href=\"https:\/\/www.freepik.com\/?_gl=1*1gedmli*test_ga*MTA1OTYyMDY3Mi4xNzAyMDQ5NTg2*test_ga_523JXC6VL7*MTcwMjA0OTU4Ni4xLjEuMTcwMjA1MDE0OC42MC4wLjA.*fp_ga*MTA1OTYyMDY3Mi4xNzAyMDQ5NTg2*fp_ga_1ZY8468CQB*MTcwMjA0OTU4Ni4xLjEuMTcwMjA1MDE0OC42MC4wLjA.\"><img loading=\"lazy\" decoding=\"async\" width=\"512\" height=\"512\" src=\"https:\/\/lebureauscenique.com\/wp-content\/uploads\/2023\/12\/origami.png\" alt=\"\" class=\"wp-image-556\" style=\"width:128px;height:128px\" srcset=\"https:\/\/lebureauscenique.com\/wp-content\/uploads\/2023\/12\/origami.png 512w, https:\/\/lebureauscenique.com\/wp-content\/uploads\/2023\/12\/origami-300x300.png 300w, https:\/\/lebureauscenique.com\/wp-content\/uploads\/2023\/12\/origami-150x150.png 150w\" sizes=\"auto, (max-width: 512px) 100vw, 512px\" \/><\/a><\/figure><\/div>\n\n\n<p><\/p>\n\n\n\n<p><mark style=\"background-color:rgba(0, 0, 0, 0);color:#000000\" class=\"has-inline-color\"><strong>ACTIONS ARTISTIQUES<\/strong><\/mark><br><em>Professeure de danse Dipl\u00f4me d&rsquo;Etat en danse contemporaine pendant plus de 10 ans en conservatoires r\u00e9gionaux en IDF, Nouvelle-Aquitaine et Centre-Val-de-Loire et pour D\u00e9mos de la Philharmonie de Paris <\/em><\/p>\n\n\n\n<ul class=\"wp-block-list\">\n<li>Relation avec tutelles publiques et dispositifs EAC<\/li>\n\n\n\n<li>Construction et suivi des dossiers de demande<\/li>\n\n\n\n<li>Animation ateliers danse<\/li>\n\n\n\n<li>Animation ateliers \u00e9veil musique<\/li>\n<\/ul>\n\n\n\n<div class=\"wp-block-buttons is-horizontal is-content-justification-center is-layout-flex wp-container-core-buttons-is-layout-1 wp-block-buttons-is-layout-flex\">\n<div class=\"wp-block-button\"><a class=\"wp-block-button__link wp-element-button\" href=\"http:\/\/lebureauscenique.com\/index.php\/contact\/\" target=\"_blank\" rel=\"noreferrer noopener\">Me contacter<\/a><\/div>\n<\/div>\n","protected":false},"excerpt":{"rendered":"<p>&#8211; D\u00e9l\u00e9guez pour vous \u00e9panouir &#8211; Confier vos \u00e9v\u00e9nements \u00e0 une personne qualifi\u00e9e et engag\u00e9e, c&rsquo;est pouvoir vous concentrer sur votre mission principale. Je participe \u00e0 la gestion de vos \u00e9v\u00e9nements en amont, pendant et apr\u00e8s. COMMUNICATION ACCUEIL DU PUBLIC BILLETTERIE POINTS DE VENTE ACTIONS ARTISTIQUESProfesseure de danse Dipl\u00f4me d&rsquo;Etat en danse contemporaine pendant plus [&hellip;]<\/p>\n","protected":false},"author":1,"featured_media":0,"parent":0,"menu_order":0,"comment_status":"closed","ping_status":"closed","template":"","meta":{"footnotes":""},"class_list":["post-519","page","type-page","status-publish","hentry"],"_links":{"self":[{"href":"https:\/\/lebureauscenique.com\/index.php\/wp-json\/wp\/v2\/pages\/519","targetHints":{"allow":["GET"]}}],"collection":[{"href":"https:\/\/lebureauscenique.com\/index.php\/wp-json\/wp\/v2\/pages"}],"about":[{"href":"https:\/\/lebureauscenique.com\/index.php\/wp-json\/wp\/v2\/types\/page"}],"author":[{"embeddable":true,"href":"https:\/\/lebureauscenique.com\/index.php\/wp-json\/wp\/v2\/users\/1"}],"replies":[{"embeddable":true,"href":"https:\/\/lebureauscenique.com\/index.php\/wp-json\/wp\/v2\/comments?post=519"}],"version-history":[{"count":14,"href":"https:\/\/lebureauscenique.com\/index.php\/wp-json\/wp\/v2\/pages\/519\/revisions"}],"predecessor-version":[{"id":606,"href":"https:\/\/lebureauscenique.com\/index.php\/wp-json\/wp\/v2\/pages\/519\/revisions\/606"}],"wp:attachment":[{"href":"https:\/\/lebureauscenique.com\/index.php\/wp-json\/wp\/v2\/media?parent=519"}],"curies":[{"name":"wp","href":"https:\/\/api.w.org\/{rel}","templated":true}]}}