 {"id":593,"date":"2025-03-10T11:10:03","date_gmt":"2025-03-10T10:10:03","guid":{"rendered":"https:\/\/lebureauscenique.com\/?page_id=593"},"modified":"2025-03-10T11:10:42","modified_gmt":"2025-03-10T10:10:42","slug":"rdv","status":"publish","type":"page","link":"https:\/\/lebureauscenique.com\/index.php\/rdv\/","title":{"rendered":"Je prends RDV"},"content":{"rendered":"\n<p><\/p>\n\n\n\n<p><strong>30 minutes pour \u00e9changer sur vos besoins<\/strong><\/p>\n\n\n\n<p>Vous cherchez un accompagnement en production ou en administration ?<br>Vous avez besoin d\u2019un regard ext\u00e9rieur sur votre structuration, vos budgets ou vos dossiers ?<br>Vous portez un projet artistique ou culturel et souhaitez \u00eatre \u00e9paul\u00e9\u00b7e dans son d\u00e9veloppement ?<\/p>\n\n\n\n<p>\ud83c\udfaf <strong>Prenons le temps d\u2019en parler ensemble lors d\u2019un rendez-vous de 30 minutes, gratuit et sans engagement.<\/strong><br><\/p>\n\n\n\n<p>Un temps d\u2019\u00e9coute pour comprendre vos enjeux, vos contraintes, et voir comment Le Bureau Sc\u00e9nique peut vous accompagner concr\u00e8tement.<\/p>\n\n\n\n<p>\ud83d\udcc5 Choisissez le cr\u00e9neau qui vous convient via notre calendrier en ligne ici :<\/p>\n\n\n\n<!-- D\u00e9but de widget en ligne Calendly -->\n<div class=\"calendly-inline-widget\" data-url=\"https:\/\/calendly.com\/clech-cindy\/30min?hide_event_type_details=1&#038;primary_color=172d7d\" style=\"min-width:320px;height:700px;\"><\/div>\n<script type=\"text\/javascript\" src=\"https:\/\/assets.calendly.com\/assets\/external\/widget.js\" async><\/script>\n<!-- Fin de widget en ligne Calendly -->\n","protected":false},"excerpt":{"rendered":"<p>30 minutes pour \u00e9changer sur vos besoins Vous cherchez un accompagnement en production ou en administration ?Vous avez besoin d\u2019un regard ext\u00e9rieur sur votre structuration, vos budgets ou vos dossiers ?Vous portez un projet artistique ou culturel et souhaitez \u00eatre \u00e9paul\u00e9\u00b7e dans son d\u00e9veloppement ? \ud83c\udfaf Prenons le temps d\u2019en parler ensemble lors d\u2019un rendez-vous [&hellip;]<\/p>\n","protected":false},"author":1,"featured_media":0,"parent":0,"menu_order":0,"comment_status":"closed","ping_status":"closed","template":"","meta":{"footnotes":""},"class_list":["post-593","page","type-page","status-publish","hentry"],"_links":{"self":[{"href":"https:\/\/lebureauscenique.com\/index.php\/wp-json\/wp\/v2\/pages\/593","targetHints":{"allow":["GET"]}}],"collection":[{"href":"https:\/\/lebureauscenique.com\/index.php\/wp-json\/wp\/v2\/pages"}],"about":[{"href":"https:\/\/lebureauscenique.com\/index.php\/wp-json\/wp\/v2\/types\/page"}],"author":[{"embeddable":true,"href":"https:\/\/lebureauscenique.com\/index.php\/wp-json\/wp\/v2\/users\/1"}],"replies":[{"embeddable":true,"href":"https:\/\/lebureauscenique.com\/index.php\/wp-json\/wp\/v2\/comments?post=593"}],"version-history":[{"count":4,"href":"https:\/\/lebureauscenique.com\/index.php\/wp-json\/wp\/v2\/pages\/593\/revisions"}],"predecessor-version":[{"id":598,"href":"https:\/\/lebureauscenique.com\/index.php\/wp-json\/wp\/v2\/pages\/593\/revisions\/598"}],"wp:attachment":[{"href":"https:\/\/lebureauscenique.com\/index.php\/wp-json\/wp\/v2\/media?parent=593"}],"curies":[{"name":"wp","href":"https:\/\/api.w.org\/{rel}","templated":true}]}}