 {"id":61,"date":"2021-12-15T08:04:01","date_gmt":"2021-12-15T07:04:01","guid":{"rendered":"http:\/\/lebureauscenique.com\/?page_id=61"},"modified":"2024-09-25T20:35:29","modified_gmt":"2024-09-25T18:35:29","slug":"accueil","status":"publish","type":"page","link":"https:\/\/lebureauscenique.com\/","title":{"rendered":"Accueil"},"content":{"rendered":"\n<p><\/p>\n\n\n\n<h2 class=\"has-text-align-center wp-block-heading\"><br><\/h2>\n\n\n\n<h2 class=\"has-text-align-center wp-block-heading\">Vous jouez, je g\u00e8re.<br>Vous cr\u00e9ez, j&rsquo;administre.<br>Vous proposez, j&rsquo;organise.<\/h2>\n\n\n\n<p><\/p>\n\n\n\n<p><font color=\"#000000\"><strong><mark style=\"background-color:rgba(0, 0, 0, 0);color:#000000\" class=\"has-inline-color\">VOUS <strong>\u00ca<\/strong>TES<\/mark><\/strong> porteur.euse de projet dans le spectacle vivant. Vous souhaitez d\u00e9l\u00e9guer et confier vos t\u00e2ches administratives et \u00e9v\u00e9nementielles pour optimiser efficacement votre activit\u00e9.<\/font><\/p>\n\n\n\n<p><font color=\"#000000\"><strong>JE SUIS<\/strong> form\u00e9e aux outils de communication et sp\u00e9cialistes des questions financi\u00e8res, juridiques, sociales et fiscales li\u00e9es \u00e0 l\u2019administration du spectacle vivant. <strong>Ancienne danseuse, mes comp\u00e9tences donnent chair \u00e0 l&rsquo;administration et donnent vie aux budgets.<\/strong>\n<\/font><\/p>\n\n\n\n<p><font color=\"#000000\"><strong><mark style=\"background-color:rgba(0, 0, 0, 0);color:#000000\" class=\"has-inline-color\">ENSEMBLE<\/mark> <\/strong>par des <a href=\"http:\/\/lebureauscenique.com\/index.php\/prestations-administratives\/\">prestations administratives<\/a> et <font color=\"#000000\"><a rel=\"noreferrer noopener\" href=\"https:\/\/lebureauscenique.com\/index.php\/prestations-evenementielles\/\" target=\"_blank\">\u00e9v\u00e9nementielles<\/a><\/font> adapt\u00e9es, je vous accompagne dans la structuration, la gestion et le d\u00e9veloppement de vos activit\u00e9s.<\/font><\/p>\n\n\n\n<p><\/p>\n","protected":false},"excerpt":{"rendered":"<p>Vous jouez, je g\u00e8re.Vous cr\u00e9ez, j&rsquo;administre.Vous proposez, j&rsquo;organise. VOUS \u00caTES porteur.euse de projet dans le spectacle vivant. Vous souhaitez d\u00e9l\u00e9guer et confier vos t\u00e2ches administratives et \u00e9v\u00e9nementielles pour optimiser efficacement votre activit\u00e9. JE SUIS form\u00e9e aux outils de communication et sp\u00e9cialistes des questions financi\u00e8res, juridiques, sociales et fiscales li\u00e9es \u00e0 l\u2019administration du spectacle vivant. Ancienne [&hellip;]<\/p>\n","protected":false},"author":1,"featured_media":0,"parent":0,"menu_order":0,"comment_status":"closed","ping_status":"closed","template":"","meta":{"footnotes":""},"class_list":["post-61","page","type-page","status-publish","hentry"],"_links":{"self":[{"href":"https:\/\/lebureauscenique.com\/index.php\/wp-json\/wp\/v2\/pages\/61","targetHints":{"allow":["GET"]}}],"collection":[{"href":"https:\/\/lebureauscenique.com\/index.php\/wp-json\/wp\/v2\/pages"}],"about":[{"href":"https:\/\/lebureauscenique.com\/index.php\/wp-json\/wp\/v2\/types\/page"}],"author":[{"embeddable":true,"href":"https:\/\/lebureauscenique.com\/index.php\/wp-json\/wp\/v2\/users\/1"}],"replies":[{"embeddable":true,"href":"https:\/\/lebureauscenique.com\/index.php\/wp-json\/wp\/v2\/comments?post=61"}],"version-history":[{"count":34,"href":"https:\/\/lebureauscenique.com\/index.php\/wp-json\/wp\/v2\/pages\/61\/revisions"}],"predecessor-version":[{"id":581,"href":"https:\/\/lebureauscenique.com\/index.php\/wp-json\/wp\/v2\/pages\/61\/revisions\/581"}],"wp:attachment":[{"href":"https:\/\/lebureauscenique.com\/index.php\/wp-json\/wp\/v2\/media?parent=61"}],"curies":[{"name":"wp","href":"https:\/\/api.w.org\/{rel}","templated":true}]}}